{"id":880,"date":"2023-11-17T16:14:25","date_gmt":"2023-11-17T16:14:25","guid":{"rendered":"https:\/\/mx.estima.org\/index.php\/terms-conditions\/"},"modified":"2025-10-08T23:34:07","modified_gmt":"2025-10-08T23:34:07","slug":"aviso-de-privacidad","status":"publish","type":"page","link":"https:\/\/mx.estima.org\/index.php\/aviso-de-privacidad\/","title":{"rendered":"Aviso de Privacidad"},"content":{"rendered":"\t\t<div data-elementor-type=\"wp-page\" data-elementor-id=\"880\" class=\"elementor elementor-880\" data-elementor-post-type=\"page\">\n\t\t\t\t<div class=\"elementor-element elementor-element-4749dbc e-flex e-con-boxed e-con e-parent\" data-id=\"4749dbc\" data-element_type=\"container\">\n\t\t\t\t\t<div class=\"e-con-inner\">\n\t\t\t\t<div class=\"elementor-element elementor-element-11cc538 elementor-widget elementor-widget-text-editor\" data-id=\"11cc538\" data-element_type=\"widget\" data-widget_type=\"text-editor.default\">\n\t\t\t\t\t\t\t\t\t<div class=\"wp-block-uagb-advanced-heading uagb-block-ec92868e\"><h2 class=\"uagb-heading-text\">AVISO DE PRIVACIDAD<\/h2><\/div><p>En cumplimiento con la Ley de Protecci\u00f3n de Datos Personales en Posesi\u00f3n de Particulares y dem\u00e1s normativa aplicable, la Asociaci\u00f3n sin fines de lucro \u201cSERVICIOS HUMAN\u00cdSTICOS DE ASISTENCIA ESPIRITUAL Y EMOCIONAL, A.B.P,\u201d pone a disposici\u00f3n el presente Aviso de Privacidad para informar a las personas con las cuales interactuamos y a quienes conf\u00edan en nuestros servicios, sobre el tratamiento y protecci\u00f3n de sus datos personales.<\/p><p><strong>RESPONSABLE DEL TRATAMIENTO DE DATOS PERSONALES<br \/><\/strong>El responsable del tratamiento de sus datos personales es la Asociaci\u00f3n \u201d SERVICIOS HUMAN\u00cdSTICOS DE ASISTENCIA ESPIRITUAL Y EMOCIONAL, A.B.P,\u201d con domicilio en Cerro de las Mitras #2206, Col. Obispado, Monterrey, N.L. C.P. 64060, inscrita en el Registro de Asociaciones correspondiente. Para cualquier comunicaci\u00f3n o solicitud relacionada con sus datos personales, puede contactarnos en\u00a0<a href=\"mailto:imoactosocial@estima.org\">imoactosocial@estima.org<\/a>\u00a0o al n\u00famero de tel\u00e9fono 81 13 65 96 70, 71, 72 y 73.<\/p><p><strong>DATOS PERSONALES OBJETO DE TRATAMIENTO<br \/><\/strong>En el marco de nuestras actividades y servicios, podemos recabar los siguientes datos personales de las personas que atendemos y con quienes interactuamos:<\/p><p>\u2022\u00a0<em>Informaci\u00f3n de identificaci\u00f3n<\/em>: Nombre completo, g\u00e9nero, fecha de nacimiento, direcci\u00f3n postal.<br \/>\u2022\u00a0<em>Datos de contacto<\/em>: N\u00famero de tel\u00e9fono, correo electr\u00f3nico.<br \/>\u2022\u00a0<em>Informaci\u00f3n m\u00e9dica<\/em>\u00a0y de salud: Diagn\u00f3sticos, antecedentes m\u00e9dicos, tratamientos recibidos.<br \/>\u2022\u00a0<em>Datos sensibles<\/em>: Enfermedades psiqui\u00e1tricas y psicol\u00f3gicas, informaci\u00f3n sobre salud mental.<\/p><p><strong>FINALIDADES DEL TRATAMIENTO DE DATOS PERSONALES<br \/><\/strong>Los datos personales que recabamos tienen como finalidad principal la prestaci\u00f3n de servicios de atenci\u00f3n, asesor\u00eda y acompa\u00f1amiento a personas que enfrentan enfermedades psiqui\u00e1tricas y psicol\u00f3gicas. Asimismo, utilizamos esta informaci\u00f3n para:<\/p><p>\u2022 Mantener contacto y comunicaci\u00f3n con nuestros beneficiarios, usuarios y voluntarios.<br \/>\u2022 Realizar evaluaciones m\u00e9dicas y psicol\u00f3gicas para brindar un servicio personalizado y efectivo.<br \/>\u2022 Llevar a cabo registros internos necesarios para el funcionamiento de la asociaci\u00f3n.<br \/>\u2022 Env\u00edo de informaci\u00f3n relacionada con nuestros programas, eventos y actividades.<br \/>\u2022 Cumplir con obligaciones legales y requerimientos de autoridades competentes.<\/p><p><strong>TRANSFERENCIA DE DATOS PERSONALES<br \/><\/strong>Garantizamos que sus datos personales no ser\u00e1n transferidos, vendidos, ni arrendados a terceros, salvo que exista consentimiento expreso para tal fin o se cumpla con alguna de las excepciones previstas en la legislaci\u00f3n aplicable.<\/p><p><strong>MEDIDAS DE SEGURIDAD<br \/><\/strong>Estamos comprometidos con la protecci\u00f3n de la confidencialidad, integridad y disponibilidad de los datos personales que nos conf\u00edan. Implementamos medidas t\u00e9cnicas y organizativas adecuadas para proteger la informaci\u00f3n contra acceso no autorizado, divulgaci\u00f3n, alteraci\u00f3n o destrucci\u00f3n<\/p>\t\t\t\t\t\t\t\t<\/div>\n\t\t\t\t\t<\/div>\n\t\t\t\t<\/div>\n\t\t\t\t<\/div>\n\t\t","protected":false},"excerpt":{"rendered":"<p>AVISO DE PRIVACIDAD En cumplimiento con la Ley de Protecci\u00f3n de Datos Personales en Posesi\u00f3n de Particulares y dem\u00e1s normativa aplicable, la Asociaci\u00f3n sin fines de lucro \u201cSERVICIOS HUMAN\u00cdSTICOS DE ASISTENCIA ESPIRITUAL Y EMOCIONAL, A.B.P,\u201d pone a disposici\u00f3n el presente Aviso de Privacidad para informar a las personas con las cuales interactuamos y a quienes&hellip;<\/p>\n","protected":false},"author":1,"featured_media":0,"parent":0,"menu_order":60,"comment_status":"closed","ping_status":"closed","template":"","meta":{"footnotes":""},"class_list":["post-880","page","type-page","status-publish","hentry"],"_links":{"self":[{"href":"https:\/\/mx.estima.org\/index.php\/wp-json\/wp\/v2\/pages\/880","targetHints":{"allow":["GET"]}}],"collection":[{"href":"https:\/\/mx.estima.org\/index.php\/wp-json\/wp\/v2\/pages"}],"about":[{"href":"https:\/\/mx.estima.org\/index.php\/wp-json\/wp\/v2\/types\/page"}],"author":[{"embeddable":true,"href":"https:\/\/mx.estima.org\/index.php\/wp-json\/wp\/v2\/users\/1"}],"replies":[{"embeddable":true,"href":"https:\/\/mx.estima.org\/index.php\/wp-json\/wp\/v2\/comments?post=880"}],"version-history":[{"count":5,"href":"https:\/\/mx.estima.org\/index.php\/wp-json\/wp\/v2\/pages\/880\/revisions"}],"predecessor-version":[{"id":92831,"href":"https:\/\/mx.estima.org\/index.php\/wp-json\/wp\/v2\/pages\/880\/revisions\/92831"}],"wp:attachment":[{"href":"https:\/\/mx.estima.org\/index.php\/wp-json\/wp\/v2\/media?parent=880"}],"curies":[{"name":"wp","href":"https:\/\/api.w.org\/{rel}","templated":true}]}}