{"id":3484,"date":"2025-10-02T01:35:39","date_gmt":"2025-10-02T01:35:39","guid":{"rendered":"https:\/\/mx.estima.org\/?page_id=3484"},"modified":"2025-10-24T00:36:20","modified_gmt":"2025-10-24T00:36:20","slug":"donaciones","status":"publish","type":"page","link":"https:\/\/mx.estima.org\/index.php\/donaciones\/","title":{"rendered":"Donaciones"},"content":{"rendered":"\t\t<div data-elementor-type=\"wp-page\" data-elementor-id=\"3484\" class=\"elementor elementor-3484\" data-elementor-post-type=\"page\">\n\t\t\t\t<div class=\"elementor-element elementor-element-0d545ff e-flex e-con-boxed elementor-invisible e-con e-parent\" data-id=\"0d545ff\" data-element_type=\"container\" data-settings=\"{&quot;animation&quot;:&quot;fadeIn&quot;}\">\n\t\t\t\t\t<div class=\"e-con-inner\">\n\t\t<div class=\"elementor-element elementor-element-6cf0229 e-con-full animated-slow e-flex elementor-invisible e-con e-child\" data-id=\"6cf0229\" data-element_type=\"container\" data-settings=\"{&quot;animation&quot;:&quot;zoomInLeft&quot;}\">\n\t\t\t\t<div class=\"elementor-element elementor-element-7f8ec69 elementor-widget__width-inherit content-align-center the7-hover-visibility-disabled preserve-img-ratio-cover transform-overlay-yes exceeding-frame-yes elementor-widget elementor-widget-the7-image-widget\" data-id=\"7f8ec69\" data-element_type=\"widget\" data-settings=\"{&quot;hover_visibility&quot;:&quot;disabled&quot;}\" data-widget_type=\"the7-image-widget.default\">\n\t\t\t\t<div class=\"elementor-widget-container\">\n\t\t\t\t\t<div class=\"the7-image-container\"><div class=\"the7-image-wrapper the7-elementor-widget the7-transform-container\"><div class=\"post-thumbnail-rollover layzr-bg img-css-resize-wrapper\"><img fetchpriority=\"high\" decoding=\"async\" width=\"1000\" height=\"1000\" src=\"data:image\/svg+xml,%3Csvg%20xmlns%3D&#039;http%3A%2F%2Fwww.w3.org%2F2000%2Fsvg&#039;%20viewBox%3D&#039;0%200%201000%201000&#039;%2F%3E\" class=\"attachment-full size-full preload-me aspect lazy lazy-load\" alt=\"\" sizes=\"(max-width: 1000px) 100vw, 1000px\" style=\"--ratio: 1000 \/ 1000;\" data-src=\"https:\/\/mx.estima.org\/wp-content\/uploads\/2025\/10\/promo-box-2.jpg\" loading=\"eager\" data-srcset=\"https:\/\/mx.estima.org\/wp-content\/uploads\/2025\/10\/promo-box-2.jpg 1000w, https:\/\/mx.estima.org\/wp-content\/uploads\/2025\/10\/promo-box-2-400x400.jpg 400w, https:\/\/mx.estima.org\/wp-content\/uploads\/2025\/10\/promo-box-2-200x200.jpg 200w, https:\/\/mx.estima.org\/wp-content\/uploads\/2025\/10\/promo-box-2-300x300.jpg 300w, https:\/\/mx.estima.org\/wp-content\/uploads\/2025\/10\/promo-box-2-150x150.jpg 150w, https:\/\/mx.estima.org\/wp-content\/uploads\/2025\/10\/promo-box-2-768x768.jpg 768w\" \/><\/div><\/div><\/div>\t\t\t\t<\/div>\n\t\t\t\t<\/div>\n\t\t\t\t<\/div>\n\t\t<div class=\"elementor-element elementor-element-8ef336e e-con-full animated-slow e-flex elementor-invisible e-con e-child\" data-id=\"8ef336e\" data-element_type=\"container\" data-settings=\"{&quot;animation_delay&quot;:0,&quot;animation&quot;:&quot;fadeInRight&quot;}\">\n\t\t\t\t<div class=\"elementor-element elementor-element-7891cff elementor-widget elementor-widget-the7-heading\" data-id=\"7891cff\" data-element_type=\"widget\" data-widget_type=\"the7-heading.default\">\n\t\t\t\t<div class=\"elementor-widget-container\">\n\t\t\t\t\t<h4 class=\"the7-heading-title elementor-size-default\"><h2 class=\"uagb-ifb-title\" style=\"box-sizing: inherit; border: 0px; font-size: 2.4rem; font-style: normal; font-weight: 700; outline: 0px; vertical-align: baseline; color: rgb(21, 23, 22); line-height: 1.25em; font-family: Inter, sans-serif; text-transform: capitalize; margin-block-start: 0px; margin-bottom: 20px; font-variant-ligatures: normal; font-variant-caps: normal; letter-spacing: normal; word-spacing: 0px; white-space-collapse: collapse; text-decoration-thickness: initial; text-decoration-style: initial; text-decoration-color: initial;\"><span style=\"box-sizing: inherit;\">Con Tu Apoyo, M\u00e1s Personas Recibir\u00e1n ayuda<\/span><\/h2><\/h4>\t\t\t\t<\/div>\n\t\t\t\t<\/div>\n\t\t\t\t<\/div>\n\t\t\t\t\t<\/div>\n\t\t\t\t<\/div>\n\t\t<div class=\"elementor-element elementor-element-31d44a5 e-grid animated-slow e-con-boxed elementor-invisible e-con e-child\" data-id=\"31d44a5\" data-element_type=\"container\" data-settings=\"{&quot;animation&quot;:&quot;fadeIn&quot;}\">\n\t\t\t\t\t<div class=\"e-con-inner\">\n\t\t<div class=\"elementor-element elementor-element-7b03a61 e-flex e-con-boxed e-con e-child\" data-id=\"7b03a61\" data-element_type=\"container\">\n\t\t\t\t\t<div class=\"e-con-inner\">\n\t\t\t\t<div class=\"elementor-element elementor-element-a82721c elementor-align-left elementor-widget elementor-widget-the7_icon_widget\" data-id=\"a82721c\" data-element_type=\"widget\" data-widget_type=\"the7_icon_widget.default\">\n\t\t\t\t<div class=\"elementor-widget-container\">\n\t\t\t\t\t<div class=\"the7-icon-wrapper the7-elementor-widget\"><div class=\"elementor-icon\"><svg xmlns=\"http:\/\/www.w3.org\/2000\/svg\" id=\"Layer_1\" data-name=\"Layer 1\" viewBox=\"0 0 24 24\" stroke-width=\"1\" width=\"48\" height=\"48\"><defs><style>.cls-63ce749bea57ea6c83800618-1{fill:none;stroke:currentColor;stroke-miterlimit:10;}<\/style><\/defs><polyline class=\"cls-63ce749bea57ea6c83800618-1\" points=\"6.64 4.18 10.66 8.2 17.36 1.5\"><\/polyline><path class=\"cls-63ce749bea57ea6c83800618-1\" d=\"M14.87,20.63A2.88,2.88,0,0,0,12,17.76h0a2.88,2.88,0,0,0-2.87,2.87V23.5\"><\/path><circle class=\"cls-63ce749bea57ea6c83800618-1\" cx=\"12\" cy=\"13.93\" r=\"1.91\"><\/circle><circle class=\"cls-63ce749bea57ea6c83800618-1\" cx=\"19.65\" cy=\"15.85\" r=\"1.91\"><\/circle><path class=\"cls-63ce749bea57ea6c83800618-1\" d=\"M1.48,23.5v-1a2.87,2.87,0,0,1,2.87-2.87h0a2.88,2.88,0,0,1,2.87,2.87v1\"><\/path><path class=\"cls-63ce749bea57ea6c83800618-1\" d=\"M16.78,23.5v-1a2.88,2.88,0,0,1,2.87-2.87h0a2.87,2.87,0,0,1,2.87,2.87v1\"><\/path><circle class=\"cls-63ce749bea57ea6c83800618-1\" cx=\"4.35\" cy=\"15.85\" r=\"1.91\"><\/circle><line class=\"cls-63ce749bea57ea6c83800618-1\" x1=\"14.87\" y1=\"20.63\" x2=\"14.87\" y2=\"23.5\"><\/line><\/svg><\/div><\/div>\t\t\t\t<\/div>\n\t\t\t\t<\/div>\n\t\t\t\t<div class=\"elementor-element elementor-element-53431ab elementor-widget elementor-widget-text-editor\" data-id=\"53431ab\" data-element_type=\"widget\" data-widget_type=\"text-editor.default\">\n\t\t\t\t\t\t\t\t\t<p>Ay\u00fadanos a seguir ayudando. Tu tiempo es valioso, tu recomendaci\u00f3n puede salvar una vida.<\/p><p>Somos donataria autorizada para expedir recibos deducibles de impuestos<br \/>(nacionales e internacionales) S\u00e9 parte del cambio.<\/p>\t\t\t\t\t\t\t\t<\/div>\n\t\t\t\t\t<\/div>\n\t\t\t\t<\/div>\n\t\t<div class=\"elementor-element elementor-element-4c39577 e-flex e-con-boxed e-con e-child\" data-id=\"4c39577\" data-element_type=\"container\">\n\t\t\t\t\t<div class=\"e-con-inner\">\n\t\t\t\t<div class=\"elementor-element elementor-element-026d3a3 elementor-align-left elementor-widget elementor-widget-the7_icon_widget\" data-id=\"026d3a3\" data-element_type=\"widget\" data-widget_type=\"the7_icon_widget.default\">\n\t\t\t\t<div class=\"elementor-widget-container\">\n\t\t\t\t\t<div class=\"the7-icon-wrapper the7-elementor-widget\"><div class=\"elementor-icon\"><svg aria-hidden=\"true\" class=\"e-font-icon-svg e-fas-credit-card\" viewBox=\"0 0 576 512\" xmlns=\"http:\/\/www.w3.org\/2000\/svg\"><path d=\"M0 432c0 26.5 21.5 48 48 48h480c26.5 0 48-21.5 48-48V256H0v176zm192-68c0-6.6 5.4-12 12-12h136c6.6 0 12 5.4 12 12v40c0 6.6-5.4 12-12 12H204c-6.6 0-12-5.4-12-12v-40zm-128 0c0-6.6 5.4-12 12-12h72c6.6 0 12 5.4 12 12v40c0 6.6-5.4 12-12 12H76c-6.6 0-12-5.4-12-12v-40zM576 80v48H0V80c0-26.5 21.5-48 48-48h480c26.5 0 48 21.5 48 48z\"><\/path><\/svg><\/div><\/div>\t\t\t\t<\/div>\n\t\t\t\t<\/div>\n\t\t\t\t<div class=\"elementor-element elementor-element-75cc687 elementor-widget elementor-widget-the7-heading\" data-id=\"75cc687\" data-element_type=\"widget\" data-widget_type=\"the7-heading.default\">\n\t\t\t\t<div class=\"elementor-widget-container\">\n\t\t\t\t\t<h4 class=\"the7-heading-title elementor-size-default\">Depositos Bancarios<\/h4>\t\t\t\t<\/div>\n\t\t\t\t<\/div>\n\t\t\t\t<div class=\"elementor-element elementor-element-084b1ef elementor-widget elementor-widget-text-editor\" data-id=\"084b1ef\" data-element_type=\"widget\" data-widget_type=\"text-editor.default\">\n\t\t\t\t\t\t\t\t\t<p>Depositando en BANORTE<br \/>(Banco Mercantil del Norte, S.A.)<br \/>No. de cuenta: 0176201788,<br \/>CLABE 072 580 00176201788 8<br \/>Plaza 9850 Plaza Nuevo Le\u00f3n<br \/>Sucursal 0597 Monterrey Plaza Fiesta<br \/>A nombre de<br \/>Servicios Human\u00edsticos de Asistencia Espiritual y Emocional, A.B.P.<\/p>\t\t\t\t\t\t\t\t<\/div>\n\t\t\t\t\t<\/div>\n\t\t\t\t<\/div>\n\t\t<div class=\"elementor-element elementor-element-2eda2ca e-flex e-con-boxed e-con e-child\" data-id=\"2eda2ca\" data-element_type=\"container\">\n\t\t\t\t\t<div class=\"e-con-inner\">\n\t\t\t\t<div class=\"elementor-element elementor-element-e0a8318 elementor-align-left elementor-widget elementor-widget-the7_icon_widget\" data-id=\"e0a8318\" data-element_type=\"widget\" data-widget_type=\"the7_icon_widget.default\">\n\t\t\t\t<div class=\"elementor-widget-container\">\n\t\t\t\t\t<div class=\"the7-icon-wrapper the7-elementor-widget\"><div class=\"elementor-icon\"><svg aria-hidden=\"true\" class=\"e-font-icon-svg e-fas-money-check-alt\" viewBox=\"0 0 640 512\" xmlns=\"http:\/\/www.w3.org\/2000\/svg\"><path d=\"M608 32H32C14.33 32 0 46.33 0 64v384c0 17.67 14.33 32 32 32h576c17.67 0 32-14.33 32-32V64c0-17.67-14.33-32-32-32zM176 327.88V344c0 4.42-3.58 8-8 8h-16c-4.42 0-8-3.58-8-8v-16.29c-11.29-.58-22.27-4.52-31.37-11.35-3.9-2.93-4.1-8.77-.57-12.14l11.75-11.21c2.77-2.64 6.89-2.76 10.13-.73 3.87 2.42 8.26 3.72 12.82 3.72h28.11c6.5 0 11.8-5.92 11.8-13.19 0-5.95-3.61-11.19-8.77-12.73l-45-13.5c-18.59-5.58-31.58-23.42-31.58-43.39 0-24.52 19.05-44.44 42.67-45.07V152c0-4.42 3.58-8 8-8h16c4.42 0 8 3.58 8 8v16.29c11.29.58 22.27 4.51 31.37 11.35 3.9 2.93 4.1 8.77.57 12.14l-11.75 11.21c-2.77 2.64-6.89 2.76-10.13.73-3.87-2.43-8.26-3.72-12.82-3.72h-28.11c-6.5 0-11.8 5.92-11.8 13.19 0 5.95 3.61 11.19 8.77 12.73l45 13.5c18.59 5.58 31.58 23.42 31.58 43.39 0 24.53-19.05 44.44-42.67 45.07zM416 312c0 4.42-3.58 8-8 8H296c-4.42 0-8-3.58-8-8v-16c0-4.42 3.58-8 8-8h112c4.42 0 8 3.58 8 8v16zm160 0c0 4.42-3.58 8-8 8h-80c-4.42 0-8-3.58-8-8v-16c0-4.42 3.58-8 8-8h80c4.42 0 8 3.58 8 8v16zm0-96c0 4.42-3.58 8-8 8H296c-4.42 0-8-3.58-8-8v-16c0-4.42 3.58-8 8-8h272c4.42 0 8 3.58 8 8v16z\"><\/path><\/svg><\/div><\/div>\t\t\t\t<\/div>\n\t\t\t\t<\/div>\n\t\t\t\t<div class=\"elementor-element elementor-element-844dc29 elementor-widget elementor-widget-the7-heading\" data-id=\"844dc29\" data-element_type=\"widget\" data-widget_type=\"the7-heading.default\">\n\t\t\t\t<div class=\"elementor-widget-container\">\n\t\t\t\t\t<h4 class=\"the7-heading-title elementor-size-default\">Cheques<\/h4>\t\t\t\t<\/div>\n\t\t\t\t<\/div>\n\t\t\t\t<div class=\"elementor-element elementor-element-834083c elementor-widget elementor-widget-text-editor\" data-id=\"834083c\" data-element_type=\"widget\" data-widget_type=\"text-editor.default\">\n\t\t\t\t\t\t\t\t\t<p>La entrega de cheque a nuestras oficinas expedido a<br \/>Servicios Human\u00edsticos de Asistencia Espiritual y Emocional en:<br \/>20 de noviembre # 771 sur<br \/>Col. Ex. Seminario de Monterrey<br \/>C.P. 64049<br \/>Monterrey, N.L., M\u00e9xico.<br \/>Tel. (+52) 81 1365-9670<\/p>\t\t\t\t\t\t\t\t<\/div>\n\t\t\t\t\t<\/div>\n\t\t\t\t<\/div>\n\t\t\t\t\t<\/div>\n\t\t\t\t<\/div>\n\t\t<div class=\"elementor-element elementor-element-2f7beca e-con-full e-flex e-con e-child\" data-id=\"2f7beca\" data-element_type=\"container\" data-settings=\"{&quot;background_background&quot;:&quot;classic&quot;}\">\n\t\t<div class=\"elementor-element elementor-element-5742f29 e-con-full e-flex elementor-invisible e-con e-child\" data-id=\"5742f29\" data-element_type=\"container\" data-settings=\"{&quot;animation&quot;:&quot;fadeInLeft&quot;,&quot;background_background&quot;:&quot;classic&quot;}\">\n\t\t\t\t<div class=\"elementor-element elementor-element-c52f097 elementor-widget__width-initial elementor-widget elementor-widget-the7-heading\" data-id=\"c52f097\" data-element_type=\"widget\" data-widget_type=\"the7-heading.default\">\n\t\t\t\t<div class=\"elementor-widget-container\">\n\t\t\t\t\t<h2 class=\"the7-heading-title elementor-size-default\"><a href=\"https:\/\/mx.estima.org\/index.php\/donaciones\/\">Contacto<\/a><\/h2>\t\t\t\t<\/div>\n\t\t\t\t<\/div>\n\t\t\t\t<div class=\"elementor-element elementor-element-8919263 elementor-align-center elementor-mobile-align-justify elementor-widget-mobile__width-inherit elementor-widget elementor-widget-the7_button_widget\" data-id=\"8919263\" data-element_type=\"widget\" data-widget_type=\"the7_button_widget.default\">\n\t\t\t\t<div class=\"elementor-widget-container\">\n\t\t\t\t\t<div class=\"elementor-button-wrapper\"><a href=\"https:\/\/mx.estima.org\/index.php\/contacto\/\" class=\"box-button elementor-button elementor-size-xl\">M\u00e1s Informaci\u00f3n<\/a><\/div>\t\t\t\t<\/div>\n\t\t\t\t<\/div>\n\t\t\t\t<\/div>\n\t\t\t\t<\/div>\n\t\t<div class=\"elementor-element elementor-element-82bd714 e-flex e-con-boxed e-con e-parent\" data-id=\"82bd714\" data-element_type=\"container\">\n\t\t\t\t\t<div class=\"e-con-inner\">\n\t\t\t\t\t<\/div>\n\t\t\t\t<\/div>\n\t\t\t\t<\/div>\n\t\t","protected":false},"excerpt":{"rendered":"<p>Con Tu Apoyo, M\u00e1s Personas Recibir\u00e1n ayuda Ay\u00fadanos a seguir ayudando. Tu tiempo es valioso, tu recomendaci\u00f3n puede salvar una vida. Somos donataria autorizada para expedir recibos deducibles de impuestos(nacionales e internacionales) S\u00e9 parte del cambio. Depositos Bancarios Depositando en BANORTE(Banco Mercantil del Norte, S.A.)No. de cuenta: 0176201788,CLABE 072 580 00176201788 8Plaza 9850 Plaza Nuevo&hellip;<\/p>\n","protected":false},"author":1,"featured_media":0,"parent":0,"menu_order":30,"comment_status":"closed","ping_status":"closed","template":"","meta":{"footnotes":""},"class_list":["post-3484","page","type-page","status-publish","hentry"],"_links":{"self":[{"href":"https:\/\/mx.estima.org\/index.php\/wp-json\/wp\/v2\/pages\/3484","targetHints":{"allow":["GET"]}}],"collection":[{"href":"https:\/\/mx.estima.org\/index.php\/wp-json\/wp\/v2\/pages"}],"about":[{"href":"https:\/\/mx.estima.org\/index.php\/wp-json\/wp\/v2\/types\/page"}],"author":[{"embeddable":true,"href":"https:\/\/mx.estima.org\/index.php\/wp-json\/wp\/v2\/users\/1"}],"replies":[{"embeddable":true,"href":"https:\/\/mx.estima.org\/index.php\/wp-json\/wp\/v2\/comments?post=3484"}],"version-history":[{"count":28,"href":"https:\/\/mx.estima.org\/index.php\/wp-json\/wp\/v2\/pages\/3484\/revisions"}],"predecessor-version":[{"id":92972,"href":"https:\/\/mx.estima.org\/index.php\/wp-json\/wp\/v2\/pages\/3484\/revisions\/92972"}],"wp:attachment":[{"href":"https:\/\/mx.estima.org\/index.php\/wp-json\/wp\/v2\/media?parent=3484"}],"curies":[{"name":"wp","href":"https:\/\/api.w.org\/{rel}","templated":true}]}}